{"id":22,"date":"2018-06-27T14:23:29","date_gmt":"2018-06-27T12:23:29","guid":{"rendered":"http:\/\/localhost:8888\/wordpress496\/?page_id=22"},"modified":"2022-03-22T15:55:11","modified_gmt":"2022-03-22T14:55:11","slug":"unternehmen","status":"publish","type":"page","link":"https:\/\/grub-architekten.de\/","title":{"rendered":"Unternehmen"},"content":{"rendered":"<div>\n<div><\/div>\n<\/div>\n<div>\n<h2>Vorhandene Werte bewahren und neue erschaffen<\/h2>\n<div>\n<h4>Dauerhafte und wandlungsf\u00e4hige L\u00f6sungen suchen.\u00a0Optimale Konzepte\u00a0funktional und wirtschaftlich umsetzen. Kreativit\u00e4t und Innovation verbunden mit Erfahrung sowie Kompetenz sind die Grundlagen unserer Arbeit.<\/h4>\n<\/div>\n<\/div>\n<p><img src=\"\/wp\/wp-content\/uploads\/2019\/01\/DSC_9021_GRUBS_500px.jpg\" alt=\"\"><br \/>\n<img src=\"\/wp\/wp-content\/uploads\/2019\/01\/DSC_9259_m_grub_500px.jpg\" alt=\"\"><\/p>\n<div>\n<p class=\"p1\">Seit 1972 ist unser B\u00fcro auf fast allen Feldern der Architektur erfolgreich t\u00e4tig. In der Auseinandersetzung mit vielf\u00e4ltigen Aufgabenstellungen haben wir uns einen reichen Schatz an Erfahrungen erarbeitet, die uns bei jedem neuen Projekt helfen, zukunftsf\u00e4hige und wirtschaftliche L\u00f6sungen zur entwickeln.<\/p>\n<p class=\"p1\">Die Wahrung und Wiederentdeckung bestehender Qualit\u00e4ten sowie der respektvolle und erhaltende Umgang mit vorhandener Substanz sind die Basis der Gestaltung. Neugeschaffene Elemente sind bewusster und klar ablesbarer Ausdruck ihrer Funktion und stehen dem Alten gleichberechtigt zur Seite.<\/p>\n<p class=\"p1\">Nachhaltigkeit ist f\u00fcr uns nicht nur die energetische Optimierung von Geb\u00e4uden, sondern die Wandelbarkeit und Flexibilit\u00e4t, die es erlauben, auch in Zukunft neue Nutzungen in die geschaffenen Strukturen einzubinden. Wirtschaftlichkeit und Einhaltung von Kosten und Terminen beim Planen und Bauen sind dabei immer Ziel unseres Handelns.<\/p>\n<\/p>\n<\/div>\n<p><!--more--><br \/>\n<!-- {\"name\":\"\",\"type\":\"layout\",\"children\":[{\"name\":\"Slider Unternehmen\",\"type\":\"section\",\"props\":{\"width\":\"\",\"padding\":\"none\",\"style\":\"primary\",\"media\":\"images\\\/home-header.jpg\",\"height_viewport\":true,\"header_overlay\":\"light\",\"image\":\"\",\"media_advanced\":true,\"image_size\":\"contain\",\"media_background\":\"#FFFFFF\",\"media_overlay\":null,\"header_transparent\":\"dark\",\"image_position\":\"bottom-center\",\"image_fixed\":false,\"media_blend_mode\":\"multiply\",\"overlap\":false,\"padding_remove_bottom\":true,\"image_effect\":\"parallax\",\"image_parallax\":-540,\"padding_remove_top\":false,\"image_parallax_bgy_start\":-60,\"image_parallax_bgy_end\":-300,\"vertical_align\":\"middle\",\"title_position\":\"top-left\",\"title_rotation\":\"left\",\"title_breakpoint\":\"xl\"},\"children\":[{\"name\":\"\",\"type\":\"row\",\"props\":{\"margin\":\"remove-vertical\",\"vertical_align\":false,\"match\":false,\"divider\":false,\"id\":\"full\",\"column_gap\":\"small\",\"row_gap\":\"small\"},\"children\":[{\"name\":\"\",\"type\":\"column\",\"props\":{\"image_position\":\"center-center\",\"image\":\"\",\"image_size\":\"cover\",\"media_overlay_gradient\":\"\",\"width_medium\":\"1-1\",\"position_sticky_breakpoint\":\"m\"},\"children\":[{\"name\":\"\",\"type\":\"text\",\"props\":{\"margin\":\"default\",\"column_breakpoint\":\"m\",\"content\":\"\n\n<div>[smartslider3 slider=1]<\\\/div>\"}}]}]}]},{\"type\":\"section\",\"props\":{\"style\":\"default\",\"width\":\"default\",\"vertical_align\":\"middle\",\"title_position\":\"top-left\",\"title_rotation\":\"left\",\"title_breakpoint\":\"xl\",\"image_position\":\"center-center\",\"padding\":\"xsmall\",\"padding_remove_top\":false,\"padding_remove_bottom\":true},\"children\":[{\"type\":\"row\",\"children\":[{\"type\":\"column\",\"props\":{\"position_sticky_breakpoint\":\"m\",\"image_position\":\"center-center\",\"media_overlay_gradient\":\"\"},\"children\":[]}]}]},{\"name\":\"about product\",\"type\":\"section\",\"props\":{\"style\":\"primary\",\"width\":\"default\",\"image_position\":\"center-center\",\"padding\":\"small\",\"vertical_align\":\"middle\",\"title_position\":\"top-left\",\"title_rotation\":\"left\",\"title_breakpoint\":\"xl\",\"image\":\"wp-content\\\/uploads\\\/2019\\\/01\\\/DSC_9102_background.jpg\",\"image_size\":\"cover\",\"media_background\":\"#698e9e\",\"media_blend_mode\":\"multiply\",\"overlap\":false,\"text_color\":\"light\"},\"children\":[{\"name\":\"\",\"type\":\"row\",\"props\":{\"layout\":\"1-2,1-4,1-4|1-1,1-2,1-2\",\"margin\":\"remove-vertical\",\"vertical_align\":false,\"match\":true,\"divider\":false,\"column_gap\":\"medium\",\"row_gap\":\"medium\"},\"children\":[{\"name\":\"\",\"type\":\"column\",\"props\":{\"image_position\":\"center-center\",\"vertical_align\":\"middle\",\"media_overlay_gradient\":\"\",\"width_medium\":\"1-2\",\"width_small\":\"1-1\",\"position_sticky_breakpoint\":\"m\"},\"children\":[{\"name\":\"\",\"type\":\"panel\",\"props\":{\"link_text\":\"Read more\",\"title_element\":\"h2\",\"meta_style\":\"meta\",\"meta_align\":\"below-title\",\"image_align\":\"top\",\"image_grid_width\":\"1-2\",\"link_style\":\"default\",\"margin\":\"\",\"title\":\"Vorhandene Werte bewahren und neue erschaffen\",\"content\":\"\n\n<h4>Dauerhafte und wandlungsf\\u00e4hige L\\u00f6sungen suchen.\\u00a0Optimale Konzepte\\u00a0funktional und wirtschaftlich umsetzen. Kreativit\\u00e4t und Innovation verbunden mit Erfahrung sowie Kompetenz sind die Grundlagen unserer Arbeit.<\\\/h4>\",\"text_align\":\"center\",\"meta\":\"\",\"image_svg_color\":\"emphasis\",\"image_grid_breakpoint\":\"m\",\"title_hover_style\":\"reset\",\"title_align\":\"top\",\"title_grid_width\":\"1-2\",\"title_grid_breakpoint\":\"m\",\"position_left\":\"-150\",\"icon_width\":80,\"panel_padding\":\"\",\"panel_card_size\":\"\",\"meta_element\":\"div\",\"content_column_breakpoint\":\"m\",\"title_style\":\"h2\"}}]},{\"name\":\"\",\"type\":\"column\",\"props\":{\"image_position\":\"center-center\",\"media_overlay_gradient\":\"\",\"width_medium\":\"1-4\",\"width_small\":\"1-2\",\"position_sticky_breakpoint\":\"m\"},\"children\":[{\"name\":\"\",\"type\":\"image\",\"props\":{\"margin\":\"default\",\"image\":\"wp-content\\\/uploads\\\/2019\\\/01\\\/DSC_9021_GRUBS_500px.jpg\",\"image_svg_color\":\"emphasis\",\"image_width\":\"500\",\"image_height\":\"500\"}}]},{\"name\":\"\",\"type\":\"column\",\"props\":{\"image_position\":\"center-center\",\"media_overlay_gradient\":\"\",\"width_medium\":\"1-4\",\"width_small\":\"1-2\",\"position_sticky_breakpoint\":\"m\"},\"children\":[{\"name\":\"\",\"type\":\"image\",\"props\":{\"margin\":\"default\",\"image\":\"wp-content\\\/uploads\\\/2019\\\/01\\\/DSC_9259_m_grub_500px.jpg\",\"image_width\":\"500\",\"image_height\":\"500\",\"image_svg_color\":\"emphasis\"}}]}]}]},{\"name\":\"gallery\",\"type\":\"section\",\"props\":{\"style\":\"default\",\"width\":\"default\",\"image_position\":\"center-center\",\"padding\":\"xsmall\",\"vertical_align\":\"middle\",\"title_position\":\"top-left\",\"title_rotation\":\"left\",\"title_breakpoint\":\"xl\",\"padding_remove_bottom\":true,\"padding_remove_top\":false},\"children\":[{\"name\":\"\",\"type\":\"row\",\"props\":{\"margin_remove_top\":true,\"margin_remove_bottom\":true,\"margin\":\"remove-vertical\"},\"children\":[{\"name\":\"\",\"type\":\"column\",\"props\":{\"image_position\":\"center-center\",\"media_overlay_gradient\":\"\",\"width_medium\":\"1-1\",\"position_sticky_breakpoint\":\"m\"},\"children\":[{\"name\":\"\",\"type\":\"text\",\"props\":{\"margin\":\"default\",\"column_breakpoint\":\"m\",\"content\":\"\n\n<p class=\\\"p1\\\">Seit 1972 ist unser B\\u00fcro auf fast allen Feldern der Architektur erfolgreich t\\u00e4tig. In der Auseinandersetzung mit vielf\\u00e4ltigen Aufgabenstellungen haben wir uns einen reichen Schatz an Erfahrungen erarbeitet, die uns bei jedem neuen Projekt helfen, zukunftsf\\u00e4hige und wirtschaftliche L\\u00f6sungen zur entwickeln.<\\\/p>\\n\n\n<p class=\\\"p1\\\">Die Wahrung und Wiederentdeckung bestehender Qualit\\u00e4ten sowie der respektvolle und erhaltende Umgang mit vorhandener Substanz sind die Basis der Gestaltung. Neugeschaffene Elemente sind bewusster und klar ablesbarer Ausdruck ihrer Funktion und stehen dem Alten gleichberechtigt zur Seite.<\\\/p>\\n\n\n<p class=\\\"p1\\\">Nachhaltigkeit ist f\\u00fcr uns nicht nur die energetische Optimierung von Geb\\u00e4uden, sondern die Wandelbarkeit und Flexibilit\\u00e4t, die es erlauben, auch in Zukunft neue Nutzungen in die geschaffenen Strukturen einzubinden. Wirtschaftlichkeit und Einhaltung von Kosten und Terminen beim Planen und Bauen sind dabei immer Ziel unseres Handelns.<\\\/p>\\n\n\n<p><\\\/p>\",\"text_size\":\"large\"}}]}]}]}],\"version\":\"2.7.20\"} --><\/p>\n","protected":false},"excerpt":{"rendered":"<p>Vorhandene Werte bewahren und neue erschaffen Dauerhafte und wandlungsf\u00e4hige L\u00f6sungen suchen.\u00a0Optimale Konzepte\u00a0funktional und wirtschaftlich umsetzen. Kreativit\u00e4t und Innovation verbunden mit Erfahrung sowie Kompetenz sind die Grundlagen unserer Arbeit. Seit 1972 ist unser B\u00fcro auf fast allen Feldern der Architektur erfolgreich t\u00e4tig. In der Auseinandersetzung mit vielf\u00e4ltigen Aufgabenstellungen haben wir uns einen reichen Schatz an Erfahrungen [&hellip;]<\/p>\n","protected":false},"author":1,"featured_media":0,"parent":0,"menu_order":0,"comment_status":"closed","ping_status":"closed","template":"","meta":[],"_links":{"self":[{"href":"https:\/\/grub-architekten.de\/index.php?rest_route=\/wp\/v2\/pages\/22"}],"collection":[{"href":"https:\/\/grub-architekten.de\/index.php?rest_route=\/wp\/v2\/pages"}],"about":[{"href":"https:\/\/grub-architekten.de\/index.php?rest_route=\/wp\/v2\/types\/page"}],"author":[{"embeddable":true,"href":"https:\/\/grub-architekten.de\/index.php?rest_route=\/wp\/v2\/users\/1"}],"replies":[{"embeddable":true,"href":"https:\/\/grub-architekten.de\/index.php?rest_route=%2Fwp%2Fv2%2Fcomments&post=22"}],"version-history":[{"count":57,"href":"https:\/\/grub-architekten.de\/index.php?rest_route=\/wp\/v2\/pages\/22\/revisions"}],"predecessor-version":[{"id":1363,"href":"https:\/\/grub-architekten.de\/index.php?rest_route=\/wp\/v2\/pages\/22\/revisions\/1363"}],"wp:attachment":[{"href":"https:\/\/grub-architekten.de\/index.php?rest_route=%2Fwp%2Fv2%2Fmedia&parent=22"}],"curies":[{"name":"wp","href":"https:\/\/api.w.org\/{rel}","templated":true}]}}