{"id":28,"date":"2018-06-27T14:25:44","date_gmt":"2018-06-27T12:25:44","guid":{"rendered":"http:\/\/localhost:8888\/wordpress496\/?page_id=28"},"modified":"2023-10-06T15:57:23","modified_gmt":"2023-10-06T13:57:23","slug":"kompetenz","status":"publish","type":"page","link":"https:\/\/grub-architekten.de\/?page_id=28","title":{"rendered":"Kompetenz"},"content":{"rendered":"<div>\n<h2>Unsere Kompetenzen<\/h2>\n<div>\n<p><span style=\"color: #ffffff;\"><strong>In den zur\u00fcckliegenden Jahrzehnten wurde eine Vielzahl unterschiedlicher Bauaufgaben erfolgreich realisiert. Schwerpunkte unserer T\u00e4tigkeit sind dabei:<\/strong><\/span><\/p>\n<ul>\n<li><span style=\"color: #ffffff;\"><strong>Bauten der Pflege, Krankenh\u00e4user und Altenheime<\/strong><\/span><\/li>\n<li><span style=\"color: #ffffff;\"><strong>Kinderg\u00e4rten und Schulen<\/strong><\/span><\/li>\n<li><span style=\"color: #ffffff;\"><strong>Verwaltungsbauten<\/strong><\/span><\/li>\n<li><span style=\"color: #ffffff;\"><strong>Denkmalpflegerische Aufgaben<\/strong><\/span><\/li>\n<li><span style=\"color: #ffffff;\"><strong>Wohnbauten<\/strong><\/span><\/li>\n<\/ul>\n<\/div>\n<\/div>\n<div>\n<h3>Sonderthemen<\/h3>\n<div>\n<ul>\n<li class=\"p1\"><span class=\"s1\">Kultur- und Veranstaltungsgeb\u00e4ude<\/span><\/li>\n<li class=\"p1\"><span class=\"s1\">Forschungseinrichtungen<\/span><\/li>\n<li class=\"p1\"><span class=\"s1\">Milit\u00e4rbauten<\/span><\/li>\n<li class=\"p1\"><span class=\"s1\">Flughafenterminal<\/span><\/li>\n<li class=\"p1\"><span class=\"s1\">Fabrikations- und Gewerbeanlagen<\/span><\/li>\n<li class=\"p1\"><span class=\"s1\">Einsatzgeb\u00e4ude f\u00fcr Feuerwehr und Rettungsdienste<\/span><\/li>\n<li class=\"p1\"><span class=\"s1\">Sporthallen<\/span><\/li>\n<li class=\"p1\"><span class=\"s1\">Kirchliche Bauaufgaben<\/span><\/li>\n<\/ul>\n<\/div>\n<\/div>\n<div>\n<h3>Leistungsspektrum<\/h3>\n<div>\n<p class=\"p1\" style=\"text-align: left;\"><span class=\"s1\">Unser Leistungsspektrum erfasst alle Leistungsphasen der <a title=\"Honorarordnung f\u00fcr Architekten und Ingenieure\" href=\"https:\/\/de.wikipedia.org\/wiki\/Honorarordnung_f%C3%BCr_Architekten_und_Ingenieure\" target=\"_blank\" rel=\"noopener\">HOAI<\/a>.<\/span><\/p>\n<p class=\"p1\"><span class=\"s1\">Weitere Leistungen:<\/span><\/p>\n<ul>\n<li class=\"p1\"><span class=\"s1\">Fachplanungen vorbeugender Brandschutz<\/span><\/li>\n<li class=\"p1\"><span class=\"s1\">Sicherheits- und Gesundheitsschutzkoordination (SIGEKO)<\/span><\/li>\n<li class=\"p1\"><span class=\"s1\">Machbarkeitsstudien<\/span><\/li>\n<li class=\"p1\"><span class=\"s1\">St\u00e4dtebau<\/span><\/li>\n<li class=\"p1\"><span class=\"s1\">Innenarchitektur<\/span><\/li>\n<li class=\"p1\"><span class=\"s1\">Projektentwicklung<\/span><\/li>\n<\/ul>\n<\/div>\n<\/div>\n<div>\n<h3>Nachhaltigkeit<\/h3>\n<div>\n<p>Nachhaltigkeit ist f\u00fcr uns nicht nur die energetische Optimierung von Geb\u00e4uden sondern die Wandelbarkeit und Flexibilit\u00e4t, die es erlauben auch in Zukunft neue Nutzungen in die geschaffenen Strukturen einzubinden.<\/p>\n<\/div>\n<\/div>\n<div>\n<h3>Auf Wunsch k\u00f6nnen die Projekte als Generalplanungen realisiert werden. <\/h3>\n<div>\n<p><span class=\"s1\" style=\"color: #ffffff;\">Mit der <span style=\"color: #c3005e;\"><a style=\"color: #c3005e;\" href=\"https:\/\/www.gsp-ingenieure.de\" target=\"_blank\" rel=\"noopener\"><span class=\"s2\">GSP Ingenieure GmbH<\/span><\/a><\/span> verf\u00fcgen wir im eigenen Haus \u00fcber einen kompetenten und leistungsf\u00e4higen Partner f\u00fcr alle Planungen der technischen Geb\u00e4uderausr\u00fcstung.<\/span><\/p>\n<\/div>\n<\/div>\n<p><!--more--><br \/>\n<!-- {\"name\":\"\",\"type\":\"layout\",\"children\":[{\"name\":\"Hero\",\"type\":\"section\",\"props\":{\"width\":\"default\",\"padding\":\"small\",\"style\":\"default\",\"text_color\":\"light\",\"media\":\"images\\\/service-header.jpg\",\"image\":\"wp-content\\\/uploads\\\/2018\\\/06\\\/home-slideshow-02.jpg\",\"image_size\":\"cover\",\"image_position\":\"center-center\",\"vertical_align\":\"middle\",\"title_position\":\"top-left\",\"title_rotation\":\"left\",\"title_breakpoint\":\"xl\",\"video\":\"\",\"media_background\":\"rgba(182, 182, 182, 0.9)\",\"media_blend_mode\":\"multiply\",\"media_overlay\":\"rgba(145, 154, 156, 0.7)\",\"video_fallback\":\"\"},\"children\":[{\"name\":\"\",\"type\":\"row\",\"props\":{\"layout\":\"1-2,1-2\",\"width\":\"default\",\"margin\":\"remove-vertical\",\"margin_remove_top\":true,\"margin_remove_bottom\":true,\"column_gap\":\"small\",\"row_gap\":\"small\"},\"children\":[{\"name\":\"\",\"type\":\"column\",\"props\":{\"image_position\":\"center-center\",\"media_overlay_gradient\":\"\",\"width_medium\":\"1-2\",\"position_sticky_breakpoint\":\"m\"},\"children\":[{\"name\":\"\",\"type\":\"panel\",\"props\":{\"link_text\":\"Read more\",\"title_element\":\"h2\",\"meta_style\":\"meta\",\"meta_align\":\"below-title\",\"image_align\":\"top\",\"image_grid_width\":\"1-2\",\"link_style\":\"default\",\"margin\":\"medium\",\"content\":\"\n\n<p><span style=\\\"color: #ffffff;\\\"><strong>In den zur\\u00fcckliegenden Jahrzehnten wurde eine Vielzahl unterschiedlicher Bauaufgaben erfolgreich realisiert. Schwerpunkte unserer T\\u00e4tigkeit sind dabei:<\\\/strong><\\\/span><\\\/p>\\n\n\n<ul>\\n\n\n<li><span style=\\\"color: #ffffff;\\\"><strong>Bauten der Pflege, Krankenh\\u00e4user und Altenheime<\\\/strong><\\\/span><\\\/li>\\n\n\n<li><span style=\\\"color: #ffffff;\\\"><strong>Kinderg\\u00e4rten und Schulen<\\\/strong><\\\/span><\\\/li>\\n\n\n<li><span style=\\\"color: #ffffff;\\\"><strong>Verwaltungsbauten<\\\/strong><\\\/span><\\\/li>\\n\n\n<li><span style=\\\"color: #ffffff;\\\"><strong>Denkmalpflegerische Aufgaben<\\\/strong><\\\/span><\\\/li>\\n\n\n<li><span style=\\\"color: #ffffff;\\\"><strong>Wohnbauten<\\\/strong><\\\/span><\\\/li>\\n<\\\/ul>\",\"title\":\"Unsere Kompetenzen\",\"maxwidth\":\"large\",\"image\":\"\",\"margin_remove_top\":true,\"margin_remove_bottom\":true,\"image_svg_color\":\"emphasis\",\"title_hover_style\":\"reset\",\"title_align\":\"top\",\"title_grid_width\":\"1-2\",\"title_grid_breakpoint\":\"m\",\"image_grid_breakpoint\":\"m\",\"icon_width\":80,\"panel_padding\":\"\",\"panel_card_size\":\"\",\"meta_element\":\"div\",\"content_column_breakpoint\":\"m\"}}]},{\"name\":\"\",\"type\":\"column\",\"props\":{\"image_position\":\"center-center\",\"media_overlay_gradient\":\"\",\"width_medium\":\"1-2\",\"position_sticky_breakpoint\":\"m\"}}]}]},{\"name\":\"Projects\",\"type\":\"section\",\"props\":{\"style\":\"default\",\"width\":\"default\",\"vertical_align\":\"middle\",\"title_position\":\"top-left\",\"title_rotation\":\"left\",\"title_breakpoint\":\"xl\",\"image_position\":\"center-center\",\"padding\":\"xsmall\",\"animation\":\"slide-top-small\",\"animation_delay\":false},\"children\":[{\"name\":\"\",\"type\":\"row\",\"props\":{\"layout\":\"1-3,1-3,1-3\",\"margin\":\"large\",\"column_gap\":\"large\",\"row_gap\":\"large\"},\"children\":[{\"name\":\"\",\"type\":\"column\",\"props\":{\"image_position\":\"center-center\",\"media_overlay_gradient\":\"\",\"width_medium\":\"1-3\",\"position_sticky_breakpoint\":\"m\"},\"children\":[{\"name\":\"\",\"type\":\"panel\",\"props\":{\"link_text\":\"Read more\",\"title_element\":\"h3\",\"meta_style\":\"\",\"meta_align\":\"below-title\",\"image_align\":\"top\",\"image_grid_width\":\"1-2\",\"link_style\":\"\",\"margin\":\"small\",\"title\":\"Sonderthemen\",\"meta\":\"\",\"link\":\"\",\"text_align\":\"left\",\"maxwidth\":\"large\",\"content\":\"\n\n<ul>\\n\n\n<li class=\\\"p1\\\"><span class=\\\"s1\\\">Kultur- und Veranstaltungsgeb\\u00e4ude<\\\/span><\\\/li>\\n\n\n<li class=\\\"p1\\\"><span class=\\\"s1\\\">Forschungseinrichtungen<\\\/span><\\\/li>\\n\n\n<li class=\\\"p1\\\"><span class=\\\"s1\\\">Milit\\u00e4rbauten<\\\/span><\\\/li>\\n\n\n<li class=\\\"p1\\\"><span class=\\\"s1\\\">Flughafenterminal<\\\/span><\\\/li>\\n\n\n<li class=\\\"p1\\\"><span class=\\\"s1\\\">Fabrikations- und Gewerbeanlagen<\\\/span><\\\/li>\\n\n\n<li class=\\\"p1\\\"><span class=\\\"s1\\\">Einsatzgeb\\u00e4ude f\\u00fcr Feuerwehr und Rettungsdienste<\\\/span><\\\/li>\\n\n\n<li class=\\\"p1\\\"><span class=\\\"s1\\\">Sporthallen<\\\/span><\\\/li>\\n\n\n<li class=\\\"p1\\\"><span class=\\\"s1\\\">Kirchliche Bauaufgaben<\\\/span><\\\/li>\\n<\\\/ul>\",\"image_svg_color\":\"emphasis\",\"block_align\":\"center\",\"title_hover_style\":\"reset\",\"title_align\":\"top\",\"title_grid_width\":\"1-2\",\"title_grid_breakpoint\":\"m\",\"image_grid_breakpoint\":\"m\",\"icon_width\":80,\"panel_padding\":\"\",\"panel_card_size\":\"\",\"meta_element\":\"div\",\"content_column_breakpoint\":\"m\"}}]},{\"name\":\"\",\"type\":\"column\",\"props\":{\"image_position\":\"center-center\",\"media_overlay_gradient\":\"\",\"width_medium\":\"1-3\",\"position_sticky_breakpoint\":\"m\"},\"children\":[{\"name\":\"\",\"type\":\"panel\",\"props\":{\"link_text\":\"Read more\",\"title_element\":\"h3\",\"meta_style\":\"\",\"meta_align\":\"below-title\",\"image_align\":\"top\",\"image_grid_width\":\"1-2\",\"link_style\":\"\",\"margin\":\"small\",\"title\":\"Leistungsspektrum\",\"meta\":\"\",\"link\":\"\",\"text_align\":\"left\",\"maxwidth\":\"large\",\"content\":\"\n\n<p class=\\\"p1\\\" style=\\\"text-align: left;\\\"><span class=\\\"s1\\\">Unser Leistungsspektrum erfasst alle Leistungsphasen der <a title=\\\"Honorarordnung f\\u00fcr Architekten und Ingenieure\\\" href=\\\"https:\\\/\\\/de.wikipedia.org\\\/wiki\\\/Honorarordnung_f%C3%BCr_Architekten_und_Ingenieure\\\" target=\\\"_blank\\\" rel=\\\"noopener\\\">HOAI<\\\/a>.<\\\/span><\\\/p>\\n\n\n<p class=\\\"p1\\\"><span class=\\\"s1\\\">Weitere Leistungen:<\\\/span><\\\/p>\\n\n\n<ul>\\n\n\n<li class=\\\"p1\\\"><span class=\\\"s1\\\">Fachplanungen vorbeugender Brandschutz<\\\/span><\\\/li>\\n\n\n<li class=\\\"p1\\\"><span class=\\\"s1\\\">Sicherheits- und Gesundheitsschutzkoordination (SIGEKO)<\\\/span><\\\/li>\\n\n\n<li class=\\\"p1\\\"><span class=\\\"s1\\\">Machbarkeitsstudien<\\\/span><\\\/li>\\n\n\n<li class=\\\"p1\\\"><span class=\\\"s1\\\">St\\u00e4dtebau<\\\/span><\\\/li>\\n\n\n<li class=\\\"p1\\\"><span class=\\\"s1\\\">Innenarchitektur<\\\/span><\\\/li>\\n\n\n<li class=\\\"p1\\\"><span class=\\\"s1\\\">Projektentwicklung<\\\/span><\\\/li>\\n<\\\/ul>\",\"image_svg_color\":\"emphasis\",\"block_align\":\"center\",\"title_hover_style\":\"reset\",\"title_align\":\"top\",\"title_grid_width\":\"1-2\",\"title_grid_breakpoint\":\"m\",\"image_grid_breakpoint\":\"m\",\"icon_width\":80,\"panel_padding\":\"\",\"panel_card_size\":\"\",\"meta_element\":\"div\",\"content_column_breakpoint\":\"m\"}}]},{\"name\":\"\",\"type\":\"column\",\"props\":{\"image_position\":\"center-center\",\"media_overlay_gradient\":\"\",\"width_medium\":\"1-3\",\"position_sticky_breakpoint\":\"m\"},\"children\":[{\"name\":\"\",\"type\":\"panel\",\"props\":{\"link_text\":\"Read more\",\"title_element\":\"h3\",\"meta_style\":\"\",\"meta_align\":\"below-title\",\"image_align\":\"top\",\"image_grid_width\":\"1-2\",\"link_style\":\"\",\"margin\":\"small\",\"title\":\"Nachhaltigkeit\",\"meta\":\"\",\"link\":\"\",\"text_align\":\"left\",\"maxwidth\":\"large\",\"content\":\"\n\n<p>Nachhaltigkeit ist f\\u00fcr uns nicht nur die energetische Optimierung von Geb\\u00e4uden sondern die Wandelbarkeit und Flexibilit\\u00e4t, die es erlauben auch in Zukunft neue Nutzungen in die geschaffenen Strukturen einzubinden.<\\\/p>\",\"image_svg_color\":\"emphasis\",\"block_align\":\"center\",\"title_hover_style\":\"reset\",\"title_align\":\"top\",\"title_grid_width\":\"1-2\",\"title_grid_breakpoint\":\"m\",\"image_grid_breakpoint\":\"m\",\"icon_width\":80,\"panel_padding\":\"\",\"panel_card_size\":\"\",\"meta_element\":\"div\",\"content_column_breakpoint\":\"m\"}}]}]}]},{\"name\":\"\",\"type\":\"section\",\"props\":{\"style\":\"default\",\"width\":\"default\",\"vertical_align\":\"middle\",\"title_position\":\"top-left\",\"title_rotation\":\"left\",\"title_breakpoint\":\"xl\",\"image_position\":\"center-center\",\"text_color\":\"light\",\"padding\":\"xsmall\",\"animation\":\"slide-bottom\",\"image\":\"wp-content\\\/uploads\\\/2018\\\/12\\\/thomas-kvistholt-191153-unsplash.jpg\",\"image_effect\":\"fixed\",\"media_blend_mode\":\"overlay\",\"media_overlay\":\"rgb(162, 165, 164)\",\"media_background\":\"#FFFFFF\",\"padding_remove_top\":false,\"padding_remove_bottom\":false,\"overlap\":true,\"media_visibility\":\"m\"},\"children\":[{\"name\":\"\",\"type\":\"row\",\"children\":[{\"name\":\"\",\"type\":\"column\",\"props\":{\"image_position\":\"center-center\",\"media_overlay_gradient\":\"\",\"width_medium\":\"1-1\",\"position_sticky_breakpoint\":\"m\"},\"children\":[{\"name\":\"\",\"type\":\"panel\",\"props\":{\"link_text\":\"Read more\",\"title_element\":\"h3\",\"meta_style\":\"meta\",\"meta_align\":\"below-title\",\"image_align\":\"top\",\"image_grid_width\":\"1-2\",\"link_style\":\"default\",\"margin\":\"default\",\"title_style\":\"h3\",\"title_color\":\"background\",\"content\":\"\n\n<p><span class=\\\"s1\\\" style=\\\"color: #ffffff;\\\">Mit der <span style=\\\"color: #c3005e;\\\"><a style=\\\"color: #c3005e;\\\" href=\\\"https:\\\/\\\/www.gsp-ingenieure.de\\\" target=\\\"_blank\\\" rel=\\\"noopener\\\"><span class=\\\"s2\\\">GSP Ingenieure GmbH<\\\/span><\\\/a><\\\/span> verf\\u00fcgen wir im eigenen Haus \\u00fcber einen kompetenten und leistungsf\\u00e4higen Partner f\\u00fcr alle Planungen der technischen Geb\\u00e4uderausr\\u00fcstung.<\\\/span><\\\/p>\",\"meta\":\"\",\"title\":\"Auf Wunsch k\\u00f6nnen die Projekte als Generalplanungen realisiert werden. \",\"image\":\"\",\"image_svg_color\":\"emphasis\",\"title_hover_style\":\"reset\",\"title_align\":\"top\",\"title_grid_width\":\"1-2\",\"title_grid_breakpoint\":\"m\",\"image_grid_breakpoint\":\"m\",\"icon_width\":80,\"panel_padding\":\"\",\"panel_card_size\":\"\",\"meta_element\":\"div\",\"content_column_breakpoint\":\"m\"}}]}]}]}],\"version\":\"2.7.20\"} --><\/p>\n","protected":false},"excerpt":{"rendered":"<p>Unsere Kompetenzen In den zur\u00fcckliegenden Jahrzehnten wurde eine Vielzahl unterschiedlicher Bauaufgaben erfolgreich realisiert. Schwerpunkte unserer T\u00e4tigkeit sind dabei: Bauten der Pflege, Krankenh\u00e4user und Altenheime Kinderg\u00e4rten und Schulen Verwaltungsbauten Denkmalpflegerische Aufgaben Wohnbauten Sonderthemen Kultur- und Veranstaltungsgeb\u00e4ude Forschungseinrichtungen Milit\u00e4rbauten Flughafenterminal Fabrikations- und Gewerbeanlagen Einsatzgeb\u00e4ude f\u00fcr Feuerwehr und Rettungsdienste Sporthallen Kirchliche Bauaufgaben Leistungsspektrum Unser Leistungsspektrum erfasst alle Leistungsphasen [&hellip;]<\/p>\n","protected":false},"author":1,"featured_media":0,"parent":0,"menu_order":0,"comment_status":"closed","ping_status":"closed","template":"","meta":[],"_links":{"self":[{"href":"https:\/\/grub-architekten.de\/index.php?rest_route=\/wp\/v2\/pages\/28"}],"collection":[{"href":"https:\/\/grub-architekten.de\/index.php?rest_route=\/wp\/v2\/pages"}],"about":[{"href":"https:\/\/grub-architekten.de\/index.php?rest_route=\/wp\/v2\/types\/page"}],"author":[{"embeddable":true,"href":"https:\/\/grub-architekten.de\/index.php?rest_route=\/wp\/v2\/users\/1"}],"replies":[{"embeddable":true,"href":"https:\/\/grub-architekten.de\/index.php?rest_route=%2Fwp%2Fv2%2Fcomments&post=28"}],"version-history":[{"count":38,"href":"https:\/\/grub-architekten.de\/index.php?rest_route=\/wp\/v2\/pages\/28\/revisions"}],"predecessor-version":[{"id":1520,"href":"https:\/\/grub-architekten.de\/index.php?rest_route=\/wp\/v2\/pages\/28\/revisions\/1520"}],"wp:attachment":[{"href":"https:\/\/grub-architekten.de\/index.php?rest_route=%2Fwp%2Fv2%2Fmedia&parent=28"}],"curies":[{"name":"wp","href":"https:\/\/api.w.org\/{rel}","templated":true}]}}