{"id":51,"date":"2018-06-27T14:31:20","date_gmt":"2018-06-27T12:31:20","guid":{"rendered":"http:\/\/localhost:8888\/wordpress496\/?page_id=51"},"modified":"2025-11-06T11:40:35","modified_gmt":"2025-11-06T10:40:35","slug":"impressum","status":"publish","type":"page","link":"https:\/\/grub-architekten.de\/?page_id=51","title":{"rendered":"Impressum"},"content":{"rendered":"<h3>Angaben gem\u00e4\u00df \u00a7 5 TMG:<\/h3>\n<p>Grub Architekten und Ingenieure GmbH<br \/>\nDipl.-Ing. Martin Grub Architekt (Gesch\u00e4ftsf\u00fchrer)<\/p>\n<h4>Postanschrift:<\/h4>\n<p>Gutenbergstra\u00dfe 16<br \/>\n66482 Zweibr\u00fccken<\/p>\n<h4>Kontakt:<\/h4>\n<p>Telefon: +49 6332 91014 &#8211; 0<br \/>\nFAX: +49 6332 91014 &#8211; 20<br \/>\nE-Mail: <a href=\"mailto:e-mail@grub-architekten.de\">e-mail@grub-architekten.de<\/a><\/p>\n<h4>Vertreten durch:<\/h4>\n<p>Dipl.-Ing. Architekt Martin Grub<\/p>\n<h4>Eingetragen am<\/h4>\n<p>Handelsregister Amtsgericht Zweibr\u00fccken<br \/>\nHR B 1845 Z<\/p>\n<h3>Berufsrechtliche Angaben<\/h3>\n<h4>Zust\u00e4ndige Kammer:<\/h4>\n<p>Architektenkammer Rheinland-Pfalz<br \/>\nMitgliedsnummer 20043<\/p>\n<h4>Zugelassen f\u00fcr:<\/h4>\n<p>Deutschland<\/p>\n<h4>Berufsrechtliche Regelungen:<\/h4>\n<p>Architektengesetz Rheinland-Pfalz<br \/>\nSatzung der Architektenkammer Rheinland-Pfalz<br \/>\nBerufsordnung der Architektenkammer Rheinland-Pfalz<\/p>\n<h3>Hinweise zur Website<\/h3>\n<h4>Urheberrechtliche Hinweise \/ Quellenangaben<\/h4>\n<p>Martin Grub<br \/>\nHorst Grub<br \/>\nRoger Strobel<br \/>\nSabine Jung<br \/>\nJo Steinmetz<br \/>\nJ\u00f6rg Jakobi<br \/>\nPeter Schilling<br \/>\n<a href=\"https:\/\/www.immograph.de\/\" target=\"_blank\" rel=\"noopener noreferrer\">Immograph GmbH<\/a> (Visualisierungen Fasanerie Plateau)<br \/>\nunsplash.com<br \/>\npixabay.de<br \/>\nfotolia (Adobe Stock)<\/p>\n<h3>Information gem\u00e4\u00df \u00a7 36 VSBG<\/h3>\n<p>Gem\u00e4\u00df \u00a7 36 VSBG (Verbraucherstreitbeilegungsgesetz \u2013 Gesetz \u00fcber die alternative Streitbeilegung in Verbrauchersachen) erkl\u00e4rt der Betreiber dieser Website:<\/p>\n<p>Wir sind weder bereit noch verpflichtet, an Streitbeilegungsverfahren vor einer Verbraucherschlichtungsstelle teilzunehmen.<\/p>\n<p><em>Das Impressum wurde mit dem <a href=\"https:\/\/www.activemind.de\/datenschutz\/impressums-generator\/\">Impressums-Generator der activeMind AG<\/a> erstellt.<\/em><\/p>\n","protected":false},"excerpt":{"rendered":"<p>Angaben gem\u00e4\u00df \u00a7 5 TMG: Grub Architekten und Ingenieure GmbH Dipl.-Ing. Martin Grub Architekt (Gesch\u00e4ftsf\u00fchrer) Postanschrift: Gutenbergstra\u00dfe 16 66482 Zweibr\u00fccken Kontakt: Telefon: +49 6332 91014 &#8211; 0 FAX: +49 6332 91014 &#8211; 20 E-Mail: e-mail@grub-architekten.de Vertreten durch: Dipl.-Ing. Architekt Martin Grub Eingetragen am Handelsregister Amtsgericht Zweibr\u00fccken HR B 1845 Z Berufsrechtliche Angaben Zust\u00e4ndige Kammer: Architektenkammer [&hellip;]<\/p>\n","protected":false},"author":1,"featured_media":0,"parent":0,"menu_order":0,"comment_status":"closed","ping_status":"closed","template":"","meta":[],"_links":{"self":[{"href":"https:\/\/grub-architekten.de\/index.php?rest_route=\/wp\/v2\/pages\/51"}],"collection":[{"href":"https:\/\/grub-architekten.de\/index.php?rest_route=\/wp\/v2\/pages"}],"about":[{"href":"https:\/\/grub-architekten.de\/index.php?rest_route=\/wp\/v2\/types\/page"}],"author":[{"embeddable":true,"href":"https:\/\/grub-architekten.de\/index.php?rest_route=\/wp\/v2\/users\/1"}],"replies":[{"embeddable":true,"href":"https:\/\/grub-architekten.de\/index.php?rest_route=%2Fwp%2Fv2%2Fcomments&post=51"}],"version-history":[{"count":12,"href":"https:\/\/grub-architekten.de\/index.php?rest_route=\/wp\/v2\/pages\/51\/revisions"}],"predecessor-version":[{"id":1526,"href":"https:\/\/grub-architekten.de\/index.php?rest_route=\/wp\/v2\/pages\/51\/revisions\/1526"}],"wp:attachment":[{"href":"https:\/\/grub-architekten.de\/index.php?rest_route=%2Fwp%2Fv2%2Fmedia&parent=51"}],"curies":[{"name":"wp","href":"https:\/\/api.w.org\/{rel}","templated":true}]}}